{"id":2574,"date":"2020-05-22T12:14:01","date_gmt":"2020-05-22T12:14:01","guid":{"rendered":"https:\/\/tglegalconsulting.com\/brexit\/"},"modified":"2020-05-22T12:14:01","modified_gmt":"2020-05-22T12:14:01","slug":"brexit","status":"publish","type":"page","link":"https:\/\/tglegalconsulting.com\/fr\/brexit\/","title":{"rendered":"Brexit"},"content":{"rendered":"","protected":false},"excerpt":{"rendered":"<p>Nous fournissons des conseils juridiques sur mesure, une orientation et un soutien aux personnes et organisations \u00e9trang\u00e8res ayant des int\u00e9r\u00eats en Espagne et au Royaume-Uni, en aidant ces personnes \u00e0 att\u00e9nuer les effets n\u00e9gatifs du Brexit. Nous vous invitons \u00e0 prendre contact avec nos avocats pour \u00e9tudier la viabilit\u00e9 de votre dossier et les diff\u00e9rentes alternatives qui s&rsquo;offrent \u00e0 vous. Notre combinaison de connaissances dans diff\u00e9rentes juridictions nous a permis d&rsquo;obtenir de bons r\u00e9sultats dans l&rsquo;aide apport\u00e9e \u00e0 nos clients internationaux. Notre \u00e9quipe est compos\u00e9e d&rsquo;avocats et de comptables qualifi\u00e9s en Espagne et au Royaume-Uni.<\/p>\n","protected":false},"author":1,"featured_media":1504,"parent":0,"menu_order":0,"comment_status":"open","ping_status":"closed","template":"","meta":{"_mi_skip_tracking":false,"_joinchat":[]},"yoast_head":"<!-- This site is optimized with the Yoast SEO plugin v19.7.1 - https:\/\/yoast.com\/wordpress\/plugins\/seo\/ -->\n<title>Brexit - TG Legal Consulting<\/title>\n<meta name=\"description\" content=\"Nous conseillons les ressortissants espagnols au Royaume-Uni et les ressortissants britanniques ayant des int\u00e9r\u00eats dans les deux juridictions pour aider \u00e0 att\u00e9nuer les effets n\u00e9gatifs du Brexit.\" \/>\n<meta name=\"robots\" content=\"index, follow, max-snippet:-1, max-image-preview:large, max-video-preview:-1\" \/>\n<link rel=\"canonical\" href=\"https:\/\/tglegalconsulting.com\/fr\/brexit\/\" \/>\n<meta property=\"og:locale\" content=\"fr_FR\" \/>\n<meta property=\"og:type\" content=\"article\" \/>\n<meta property=\"og:title\" content=\"Brexit - TG Legal Consulting\" \/>\n<meta property=\"og:description\" content=\"Nous conseillons les ressortissants espagnols au Royaume-Uni et les ressortissants britanniques ayant des int\u00e9r\u00eats dans les deux juridictions pour aider \u00e0 att\u00e9nuer les effets n\u00e9gatifs du Brexit.\" \/>\n<meta property=\"og:url\" content=\"https:\/\/tglegalconsulting.com\/fr\/brexit\/\" \/>\n<meta property=\"og:site_name\" content=\"TG Legal Consulting\" \/>\n<meta property=\"og:image\" content=\"https:\/\/tglegalconsulting.com\/wp-content\/uploads\/2020\/07\/brexit.jpg\" \/>\n\t<meta property=\"og:image:width\" content=\"1280\" \/>\n\t<meta property=\"og:image:height\" content=\"682\" \/>\n\t<meta property=\"og:image:type\" content=\"image\/jpeg\" \/>\n<meta name=\"twitter:card\" content=\"summary_large_image\" \/>\n<script type=\"application\/ld+json\" class=\"yoast-schema-graph\">{\"@context\":\"https:\/\/schema.org\",\"@graph\":[{\"@type\":\"WebPage\",\"@id\":\"https:\/\/tglegalconsulting.com\/fr\/brexit\/\",\"url\":\"https:\/\/tglegalconsulting.com\/fr\/brexit\/\",\"name\":\"Brexit - TG Legal Consulting\",\"isPartOf\":{\"@id\":\"https:\/\/tglegalconsulting.com\/fr\/#website\"},\"datePublished\":\"2020-05-22T12:14:01+00:00\",\"dateModified\":\"2020-05-22T12:14:01+00:00\",\"description\":\"Nous conseillons les ressortissants espagnols au Royaume-Uni et les ressortissants britanniques ayant des int\u00e9r\u00eats dans les deux juridictions pour aider \u00e0 att\u00e9nuer les effets n\u00e9gatifs du Brexit.\",\"breadcrumb\":{\"@id\":\"https:\/\/tglegalconsulting.com\/fr\/brexit\/#breadcrumb\"},\"inLanguage\":\"fr-FR\",\"potentialAction\":[{\"@type\":\"ReadAction\",\"target\":[\"https:\/\/tglegalconsulting.com\/fr\/brexit\/\"]}]},{\"@type\":\"BreadcrumbList\",\"@id\":\"https:\/\/tglegalconsulting.com\/fr\/brexit\/#breadcrumb\",\"itemListElement\":[{\"@type\":\"ListItem\",\"position\":1,\"name\":\"Portada\",\"item\":\"https:\/\/tglegalconsulting.com\/fr\/tg-legal-consulting-avocats-a-madrid34-619-56-92-62\/\"},{\"@type\":\"ListItem\",\"position\":2,\"name\":\"Brexit\"}]},{\"@type\":\"WebSite\",\"@id\":\"https:\/\/tglegalconsulting.com\/fr\/#website\",\"url\":\"https:\/\/tglegalconsulting.com\/fr\/\",\"name\":\"TG Legal Consulting\",\"description\":\"Abogados\",\"publisher\":{\"@id\":\"https:\/\/tglegalconsulting.com\/fr\/#organization\"},\"potentialAction\":[{\"@type\":\"SearchAction\",\"target\":{\"@type\":\"EntryPoint\",\"urlTemplate\":\"https:\/\/tglegalconsulting.com\/fr\/?s={search_term_string}\"},\"query-input\":\"required name=search_term_string\"}],\"inLanguage\":\"fr-FR\"},{\"@type\":\"Organization\",\"@id\":\"https:\/\/tglegalconsulting.com\/fr\/#organization\",\"name\":\"TG Legal Consulting\",\"url\":\"https:\/\/tglegalconsulting.com\/fr\/\",\"sameAs\":[],\"logo\":{\"@type\":\"ImageObject\",\"inLanguage\":\"fr-FR\",\"@id\":\"https:\/\/tglegalconsulting.com\/fr\/#\/schema\/logo\/image\/\",\"url\":\"https:\/\/tglegalconsulting.com\/wp-content\/uploads\/2020\/05\/logo.png\",\"contentUrl\":\"https:\/\/tglegalconsulting.com\/wp-content\/uploads\/2020\/05\/logo.png\",\"width\":1156,\"height\":380,\"caption\":\"TG Legal Consulting\"},\"image\":{\"@id\":\"https:\/\/tglegalconsulting.com\/fr\/#\/schema\/logo\/image\/\"}}]}<\/script>\n<!-- \/ Yoast SEO plugin. -->","yoast_head_json":{"title":"Brexit - TG Legal Consulting","description":"Nous conseillons les ressortissants espagnols au Royaume-Uni et les ressortissants britanniques ayant des int\u00e9r\u00eats dans les deux juridictions pour aider \u00e0 att\u00e9nuer les effets n\u00e9gatifs du Brexit.","robots":{"index":"index","follow":"follow","max-snippet":"max-snippet:-1","max-image-preview":"max-image-preview:large","max-video-preview":"max-video-preview:-1"},"canonical":"https:\/\/tglegalconsulting.com\/fr\/brexit\/","og_locale":"fr_FR","og_type":"article","og_title":"Brexit - TG Legal Consulting","og_description":"Nous conseillons les ressortissants espagnols au Royaume-Uni et les ressortissants britanniques ayant des int\u00e9r\u00eats dans les deux juridictions pour aider \u00e0 att\u00e9nuer les effets n\u00e9gatifs du Brexit.","og_url":"https:\/\/tglegalconsulting.com\/fr\/brexit\/","og_site_name":"TG Legal Consulting","og_image":[{"width":1280,"height":682,"url":"https:\/\/tglegalconsulting.com\/wp-content\/uploads\/2020\/07\/brexit.jpg","type":"image\/jpeg"}],"twitter_card":"summary_large_image","schema":{"@context":"https:\/\/schema.org","@graph":[{"@type":"WebPage","@id":"https:\/\/tglegalconsulting.com\/fr\/brexit\/","url":"https:\/\/tglegalconsulting.com\/fr\/brexit\/","name":"Brexit - TG Legal Consulting","isPartOf":{"@id":"https:\/\/tglegalconsulting.com\/fr\/#website"},"datePublished":"2020-05-22T12:14:01+00:00","dateModified":"2020-05-22T12:14:01+00:00","description":"Nous conseillons les ressortissants espagnols au Royaume-Uni et les ressortissants britanniques ayant des int\u00e9r\u00eats dans les deux juridictions pour aider \u00e0 att\u00e9nuer les effets n\u00e9gatifs du Brexit.","breadcrumb":{"@id":"https:\/\/tglegalconsulting.com\/fr\/brexit\/#breadcrumb"},"inLanguage":"fr-FR","potentialAction":[{"@type":"ReadAction","target":["https:\/\/tglegalconsulting.com\/fr\/brexit\/"]}]},{"@type":"BreadcrumbList","@id":"https:\/\/tglegalconsulting.com\/fr\/brexit\/#breadcrumb","itemListElement":[{"@type":"ListItem","position":1,"name":"Portada","item":"https:\/\/tglegalconsulting.com\/fr\/tg-legal-consulting-avocats-a-madrid34-619-56-92-62\/"},{"@type":"ListItem","position":2,"name":"Brexit"}]},{"@type":"WebSite","@id":"https:\/\/tglegalconsulting.com\/fr\/#website","url":"https:\/\/tglegalconsulting.com\/fr\/","name":"TG Legal Consulting","description":"Abogados","publisher":{"@id":"https:\/\/tglegalconsulting.com\/fr\/#organization"},"potentialAction":[{"@type":"SearchAction","target":{"@type":"EntryPoint","urlTemplate":"https:\/\/tglegalconsulting.com\/fr\/?s={search_term_string}"},"query-input":"required name=search_term_string"}],"inLanguage":"fr-FR"},{"@type":"Organization","@id":"https:\/\/tglegalconsulting.com\/fr\/#organization","name":"TG Legal Consulting","url":"https:\/\/tglegalconsulting.com\/fr\/","sameAs":[],"logo":{"@type":"ImageObject","inLanguage":"fr-FR","@id":"https:\/\/tglegalconsulting.com\/fr\/#\/schema\/logo\/image\/","url":"https:\/\/tglegalconsulting.com\/wp-content\/uploads\/2020\/05\/logo.png","contentUrl":"https:\/\/tglegalconsulting.com\/wp-content\/uploads\/2020\/05\/logo.png","width":1156,"height":380,"caption":"TG Legal Consulting"},"image":{"@id":"https:\/\/tglegalconsulting.com\/fr\/#\/schema\/logo\/image\/"}}]}},"_links":{"self":[{"href":"https:\/\/tglegalconsulting.com\/fr\/wp-json\/wp\/v2\/pages\/2574"}],"collection":[{"href":"https:\/\/tglegalconsulting.com\/fr\/wp-json\/wp\/v2\/pages"}],"about":[{"href":"https:\/\/tglegalconsulting.com\/fr\/wp-json\/wp\/v2\/types\/page"}],"author":[{"embeddable":true,"href":"https:\/\/tglegalconsulting.com\/fr\/wp-json\/wp\/v2\/users\/1"}],"replies":[{"embeddable":true,"href":"https:\/\/tglegalconsulting.com\/fr\/wp-json\/wp\/v2\/comments?post=2574"}],"version-history":[{"count":0,"href":"https:\/\/tglegalconsulting.com\/fr\/wp-json\/wp\/v2\/pages\/2574\/revisions"}],"wp:featuredmedia":[{"embeddable":true,"href":"https:\/\/tglegalconsulting.com\/fr\/wp-json\/wp\/v2\/media\/1504"}],"wp:attachment":[{"href":"https:\/\/tglegalconsulting.com\/fr\/wp-json\/wp\/v2\/media?parent=2574"}],"curies":[{"name":"wp","href":"https:\/\/api.w.org\/{rel}","templated":true}]}}