{"id":2552,"date":"2020-06-21T16:20:58","date_gmt":"2020-06-21T16:20:58","guid":{"rendered":"https:\/\/tglegalconsulting.com\/avocat-en-droit-penal\/"},"modified":"2020-06-21T16:20:58","modified_gmt":"2020-06-21T16:20:58","slug":"avocat-en-droit-penal","status":"publish","type":"page","link":"https:\/\/tglegalconsulting.com\/fr\/avocat-en-droit-penal\/","title":{"rendered":"Avocat en droit p\u00e9nal"},"content":{"rendered":"","protected":false},"excerpt":{"rendered":"","protected":false},"author":1,"featured_media":1492,"parent":0,"menu_order":0,"comment_status":"open","ping_status":"closed","template":"","meta":{"_mi_skip_tracking":false,"_joinchat":[]},"yoast_head":"<!-- This site is optimized with the Yoast SEO plugin v19.7.1 - https:\/\/yoast.com\/wordpress\/plugins\/seo\/ -->\n<title>Avocats en droit p\u00e9nal \u00e0 Madrid | Votre avocat en droit p\u00e9nal en Espagne- TG Legal<\/title>\n<meta name=\"description\" content=\"Assistance juridique aux d\u00e9tenus, proc\u00e8s rapides, d\u00e9tentions ill\u00e9gales, violence de genre, fraude, vol, blessures et agressions, fausses accusations, criminalit\u00e9 \u00e9conomique.\" \/>\n<meta name=\"robots\" content=\"index, follow, max-snippet:-1, max-image-preview:large, max-video-preview:-1\" \/>\n<link rel=\"canonical\" href=\"https:\/\/tglegalconsulting.com\/fr\/avocat-en-droit-penal\/\" \/>\n<meta property=\"og:locale\" content=\"fr_FR\" \/>\n<meta property=\"og:type\" content=\"article\" \/>\n<meta property=\"og:title\" content=\"Avocats en droit p\u00e9nal \u00e0 Madrid | Votre avocat en droit p\u00e9nal en Espagne- TG Legal\" \/>\n<meta property=\"og:description\" content=\"Assistance juridique aux d\u00e9tenus, proc\u00e8s rapides, d\u00e9tentions ill\u00e9gales, violence de genre, fraude, vol, blessures et agressions, fausses accusations, criminalit\u00e9 \u00e9conomique.\" \/>\n<meta property=\"og:url\" content=\"https:\/\/tglegalconsulting.com\/fr\/avocat-en-droit-penal\/\" \/>\n<meta property=\"og:site_name\" content=\"TG Legal Consulting\" \/>\n<meta property=\"og:image\" content=\"https:\/\/tglegalconsulting.com\/wp-content\/uploads\/2020\/07\/abogado-penal.jpg\" \/>\n\t<meta property=\"og:image:width\" content=\"1920\" \/>\n\t<meta property=\"og:image:height\" content=\"1276\" \/>\n\t<meta property=\"og:image:type\" content=\"image\/jpeg\" \/>\n<meta name=\"twitter:card\" content=\"summary_large_image\" \/>\n<script type=\"application\/ld+json\" class=\"yoast-schema-graph\">{\"@context\":\"https:\/\/schema.org\",\"@graph\":[{\"@type\":\"WebPage\",\"@id\":\"https:\/\/tglegalconsulting.com\/fr\/avocat-en-droit-penal\/\",\"url\":\"https:\/\/tglegalconsulting.com\/fr\/avocat-en-droit-penal\/\",\"name\":\"Avocats en droit p\u00e9nal \u00e0 Madrid | Votre avocat en droit p\u00e9nal en Espagne- TG Legal\",\"isPartOf\":{\"@id\":\"https:\/\/tglegalconsulting.com\/fr\/#website\"},\"datePublished\":\"2020-06-21T16:20:58+00:00\",\"dateModified\":\"2020-06-21T16:20:58+00:00\",\"description\":\"Assistance juridique aux d\u00e9tenus, proc\u00e8s rapides, d\u00e9tentions ill\u00e9gales, violence de genre, fraude, vol, blessures et agressions, fausses accusations, criminalit\u00e9 \u00e9conomique.\",\"breadcrumb\":{\"@id\":\"https:\/\/tglegalconsulting.com\/fr\/avocat-en-droit-penal\/#breadcrumb\"},\"inLanguage\":\"fr-FR\",\"potentialAction\":[{\"@type\":\"ReadAction\",\"target\":[\"https:\/\/tglegalconsulting.com\/fr\/avocat-en-droit-penal\/\"]}]},{\"@type\":\"BreadcrumbList\",\"@id\":\"https:\/\/tglegalconsulting.com\/fr\/avocat-en-droit-penal\/#breadcrumb\",\"itemListElement\":[{\"@type\":\"ListItem\",\"position\":1,\"name\":\"Portada\",\"item\":\"https:\/\/tglegalconsulting.com\/fr\/tg-legal-consulting-avocats-a-madrid34-619-56-92-62\/\"},{\"@type\":\"ListItem\",\"position\":2,\"name\":\"Avocat en droit p\u00e9nal\"}]},{\"@type\":\"WebSite\",\"@id\":\"https:\/\/tglegalconsulting.com\/fr\/#website\",\"url\":\"https:\/\/tglegalconsulting.com\/fr\/\",\"name\":\"TG Legal Consulting\",\"description\":\"Abogados\",\"publisher\":{\"@id\":\"https:\/\/tglegalconsulting.com\/fr\/#organization\"},\"potentialAction\":[{\"@type\":\"SearchAction\",\"target\":{\"@type\":\"EntryPoint\",\"urlTemplate\":\"https:\/\/tglegalconsulting.com\/fr\/?s={search_term_string}\"},\"query-input\":\"required name=search_term_string\"}],\"inLanguage\":\"fr-FR\"},{\"@type\":\"Organization\",\"@id\":\"https:\/\/tglegalconsulting.com\/fr\/#organization\",\"name\":\"TG Legal Consulting\",\"url\":\"https:\/\/tglegalconsulting.com\/fr\/\",\"sameAs\":[],\"logo\":{\"@type\":\"ImageObject\",\"inLanguage\":\"fr-FR\",\"@id\":\"https:\/\/tglegalconsulting.com\/fr\/#\/schema\/logo\/image\/\",\"url\":\"https:\/\/tglegalconsulting.com\/wp-content\/uploads\/2020\/05\/logo.png\",\"contentUrl\":\"https:\/\/tglegalconsulting.com\/wp-content\/uploads\/2020\/05\/logo.png\",\"width\":1156,\"height\":380,\"caption\":\"TG Legal Consulting\"},\"image\":{\"@id\":\"https:\/\/tglegalconsulting.com\/fr\/#\/schema\/logo\/image\/\"}}]}<\/script>\n<!-- \/ Yoast SEO plugin. -->","yoast_head_json":{"title":"Avocats en droit p\u00e9nal \u00e0 Madrid | Votre avocat en droit p\u00e9nal en Espagne- TG Legal","description":"Assistance juridique aux d\u00e9tenus, proc\u00e8s rapides, d\u00e9tentions ill\u00e9gales, violence de genre, fraude, vol, blessures et agressions, fausses accusations, criminalit\u00e9 \u00e9conomique.","robots":{"index":"index","follow":"follow","max-snippet":"max-snippet:-1","max-image-preview":"max-image-preview:large","max-video-preview":"max-video-preview:-1"},"canonical":"https:\/\/tglegalconsulting.com\/fr\/avocat-en-droit-penal\/","og_locale":"fr_FR","og_type":"article","og_title":"Avocats en droit p\u00e9nal \u00e0 Madrid | Votre avocat en droit p\u00e9nal en Espagne- TG Legal","og_description":"Assistance juridique aux d\u00e9tenus, proc\u00e8s rapides, d\u00e9tentions ill\u00e9gales, violence de genre, fraude, vol, blessures et agressions, fausses accusations, criminalit\u00e9 \u00e9conomique.","og_url":"https:\/\/tglegalconsulting.com\/fr\/avocat-en-droit-penal\/","og_site_name":"TG Legal Consulting","og_image":[{"width":1920,"height":1276,"url":"https:\/\/tglegalconsulting.com\/wp-content\/uploads\/2020\/07\/abogado-penal.jpg","type":"image\/jpeg"}],"twitter_card":"summary_large_image","schema":{"@context":"https:\/\/schema.org","@graph":[{"@type":"WebPage","@id":"https:\/\/tglegalconsulting.com\/fr\/avocat-en-droit-penal\/","url":"https:\/\/tglegalconsulting.com\/fr\/avocat-en-droit-penal\/","name":"Avocats en droit p\u00e9nal \u00e0 Madrid | Votre avocat en droit p\u00e9nal en Espagne- TG Legal","isPartOf":{"@id":"https:\/\/tglegalconsulting.com\/fr\/#website"},"datePublished":"2020-06-21T16:20:58+00:00","dateModified":"2020-06-21T16:20:58+00:00","description":"Assistance juridique aux d\u00e9tenus, proc\u00e8s rapides, d\u00e9tentions ill\u00e9gales, violence de genre, fraude, vol, blessures et agressions, fausses accusations, criminalit\u00e9 \u00e9conomique.","breadcrumb":{"@id":"https:\/\/tglegalconsulting.com\/fr\/avocat-en-droit-penal\/#breadcrumb"},"inLanguage":"fr-FR","potentialAction":[{"@type":"ReadAction","target":["https:\/\/tglegalconsulting.com\/fr\/avocat-en-droit-penal\/"]}]},{"@type":"BreadcrumbList","@id":"https:\/\/tglegalconsulting.com\/fr\/avocat-en-droit-penal\/#breadcrumb","itemListElement":[{"@type":"ListItem","position":1,"name":"Portada","item":"https:\/\/tglegalconsulting.com\/fr\/tg-legal-consulting-avocats-a-madrid34-619-56-92-62\/"},{"@type":"ListItem","position":2,"name":"Avocat en droit p\u00e9nal"}]},{"@type":"WebSite","@id":"https:\/\/tglegalconsulting.com\/fr\/#website","url":"https:\/\/tglegalconsulting.com\/fr\/","name":"TG Legal Consulting","description":"Abogados","publisher":{"@id":"https:\/\/tglegalconsulting.com\/fr\/#organization"},"potentialAction":[{"@type":"SearchAction","target":{"@type":"EntryPoint","urlTemplate":"https:\/\/tglegalconsulting.com\/fr\/?s={search_term_string}"},"query-input":"required name=search_term_string"}],"inLanguage":"fr-FR"},{"@type":"Organization","@id":"https:\/\/tglegalconsulting.com\/fr\/#organization","name":"TG Legal Consulting","url":"https:\/\/tglegalconsulting.com\/fr\/","sameAs":[],"logo":{"@type":"ImageObject","inLanguage":"fr-FR","@id":"https:\/\/tglegalconsulting.com\/fr\/#\/schema\/logo\/image\/","url":"https:\/\/tglegalconsulting.com\/wp-content\/uploads\/2020\/05\/logo.png","contentUrl":"https:\/\/tglegalconsulting.com\/wp-content\/uploads\/2020\/05\/logo.png","width":1156,"height":380,"caption":"TG Legal Consulting"},"image":{"@id":"https:\/\/tglegalconsulting.com\/fr\/#\/schema\/logo\/image\/"}}]}},"_links":{"self":[{"href":"https:\/\/tglegalconsulting.com\/fr\/wp-json\/wp\/v2\/pages\/2552"}],"collection":[{"href":"https:\/\/tglegalconsulting.com\/fr\/wp-json\/wp\/v2\/pages"}],"about":[{"href":"https:\/\/tglegalconsulting.com\/fr\/wp-json\/wp\/v2\/types\/page"}],"author":[{"embeddable":true,"href":"https:\/\/tglegalconsulting.com\/fr\/wp-json\/wp\/v2\/users\/1"}],"replies":[{"embeddable":true,"href":"https:\/\/tglegalconsulting.com\/fr\/wp-json\/wp\/v2\/comments?post=2552"}],"version-history":[{"count":0,"href":"https:\/\/tglegalconsulting.com\/fr\/wp-json\/wp\/v2\/pages\/2552\/revisions"}],"wp:featuredmedia":[{"embeddable":true,"href":"https:\/\/tglegalconsulting.com\/fr\/wp-json\/wp\/v2\/media\/1492"}],"wp:attachment":[{"href":"https:\/\/tglegalconsulting.com\/fr\/wp-json\/wp\/v2\/media?parent=2552"}],"curies":[{"name":"wp","href":"https:\/\/api.w.org\/{rel}","templated":true}]}}